{"id":14,"date":"2022-04-05T16:12:45","date_gmt":"2022-04-05T14:12:45","guid":{"rendered":"https:\/\/steilshoop-nicht-mehr-vom-gleichen.de\/?page_id=14"},"modified":"2022-09-16T11:11:01","modified_gmt":"2022-09-16T09:11:01","slug":"kontakt","status":"publish","type":"page","link":"https:\/\/steilshoop-nicht-mehr-vom-gleichen.de\/index.php\/kontakt\/","title":{"rendered":"Impressum"},"content":{"rendered":"\n<div class=\"wp-block-group alignwide is-layout-flow wp-block-group-is-layout-flow\">\n<h4 class=\"alignwide wp-block-heading\">Steilshoop &#8211; nicht mehr vom Gleichen<\/h4>\n\n\n\n<p>Andreas Holzbauer<br>Cesar Klein Ring 31<br>22309 Hamburg<\/p>\n\n\n\n<p>Haftungshinweis:<br>Trotz sorgf\u00e4ltiger inhaltlicher Kontrolle \u00fcbernehmen wir keine Haftung f\u00fcr die Inhalte externer Links. F\u00fcr den Inhalt der verlinkten Seiten sind ausschlie\u00dflich deren Betreiber verantwortlich.<\/p>\n<\/div>\n","protected":false},"excerpt":{"rendered":"<p>Steilshoop &#8211; nicht mehr vom Gleichen Andreas HolzbauerCesar Klein Ring 3122309 Hamburg Haftungshinweis:Trotz sorgf\u00e4ltiger inhaltlicher Kontrolle \u00fcbernehmen wir keine Haftung f\u00fcr die Inhalte externer Links. F\u00fcr den Inhalt der verlinkten Seiten sind ausschlie\u00dflich deren Betreiber verantwortlich.<\/p>\n","protected":false},"author":1,"featured_media":0,"parent":0,"menu_order":0,"comment_status":"closed","ping_status":"closed","template":"page-large-header","meta":{"footnotes":""},"class_list":["post-14","page","type-page","status-publish","hentry"],"_links":{"self":[{"href":"https:\/\/steilshoop-nicht-mehr-vom-gleichen.de\/index.php\/wp-json\/wp\/v2\/pages\/14","targetHints":{"allow":["GET"]}}],"collection":[{"href":"https:\/\/steilshoop-nicht-mehr-vom-gleichen.de\/index.php\/wp-json\/wp\/v2\/pages"}],"about":[{"href":"https:\/\/steilshoop-nicht-mehr-vom-gleichen.de\/index.php\/wp-json\/wp\/v2\/types\/page"}],"author":[{"embeddable":true,"href":"https:\/\/steilshoop-nicht-mehr-vom-gleichen.de\/index.php\/wp-json\/wp\/v2\/users\/1"}],"replies":[{"embeddable":true,"href":"https:\/\/steilshoop-nicht-mehr-vom-gleichen.de\/index.php\/wp-json\/wp\/v2\/comments?post=14"}],"version-history":[{"count":8,"href":"https:\/\/steilshoop-nicht-mehr-vom-gleichen.de\/index.php\/wp-json\/wp\/v2\/pages\/14\/revisions"}],"predecessor-version":[{"id":367,"href":"https:\/\/steilshoop-nicht-mehr-vom-gleichen.de\/index.php\/wp-json\/wp\/v2\/pages\/14\/revisions\/367"}],"wp:attachment":[{"href":"https:\/\/steilshoop-nicht-mehr-vom-gleichen.de\/index.php\/wp-json\/wp\/v2\/media?parent=14"}],"curies":[{"name":"wp","href":"https:\/\/api.w.org\/{rel}","templated":true}]}}