{"id":317,"date":"2022-05-25T15:56:54","date_gmt":"2022-05-25T13:56:54","guid":{"rendered":"https:\/\/steilshoop-nicht-mehr-vom-gleichen.de\/?page_id=317"},"modified":"2022-09-16T10:48:23","modified_gmt":"2022-09-16T08:48:23","slug":"presse","status":"publish","type":"page","link":"https:\/\/steilshoop-nicht-mehr-vom-gleichen.de\/index.php\/presse\/","title":{"rendered":"Presse"},"content":{"rendered":"\n<h2 class=\"alignwide wp-block-heading\">Aus der Presse<\/h2>\n\n\n\n<div class=\"wp-block-group alignwide is-layout-flow wp-block-group-is-layout-flow\">\n<p>Artikel und Sendungen zu den Bebauungspl\u00e4nen Steilshoop 11 und 12 <br>und zur Initiative &#8222;Steilshoop &#8211; nicht mehr vom Gleichen&#8220;<\/p>\n\n\n\n<hr class=\"wp-block-separator has-text-color has-foreground-color has-alpha-channel-opacity has-foreground-background-color has-background is-style-wide\"\/>\n\n\n\n<p>3.11.21<\/p>\n\n\n\n<p>Mopo: Stopft uns nicht mit Wohnungen voll!<\/p>\n\n\n\n<div class=\"wp-block-buttons is-layout-flex wp-block-buttons-is-layout-flex\">\n<div class=\"wp-block-button is-style-fill\"><a class=\"wp-block-button__link\" href=\"https:\/\/www.mopo.de\/hamburg\/neuer-plattenbau-hier-baut-hamburg-ein-quartier-mit-500-wohnungen\/\" target=\"_blank\" rel=\"noreferrer noopener\">zum Artikel<\/a><\/div>\n<\/div>\n\n\n\n<hr class=\"wp-block-separator has-text-color has-foreground-color has-alpha-channel-opacity has-foreground-background-color has-background is-style-wide\"\/>\n\n\n\n<p>4.11.21<\/p>\n\n\n\n<p>Hamburg 1: Steilshoop bekommt weitere Wohnungen: Kritik der Anwohner h\u00e4lt an<\/p>\n\n\n\n<div class=\"wp-block-buttons is-layout-flex wp-block-buttons-is-layout-flex\">\n<div class=\"wp-block-button is-style-fill\"><a class=\"wp-block-button__link\" href=\"https:\/\/www.hamburg1.de\/news\/40477\" target=\"_blank\" rel=\"noreferrer noopener\">zum Artikel<\/a><\/div>\n<\/div>\n\n\n\n<hr class=\"wp-block-separator has-text-color has-foreground-color has-alpha-channel-opacity has-foreground-background-color has-background is-style-wide\"\/>\n\n\n\n<p>NDR: Protest gegen weitere Hochh\u00e4user in Steilshoop<\/p>\n\n\n\n<div class=\"wp-block-buttons is-layout-flex wp-block-buttons-is-layout-flex\">\n<div class=\"wp-block-button is-style-fill\"><a class=\"wp-block-button__link\" href=\"https:\/\/www.ndr.de\/nachrichten\/hamburg\/Protest-gegen-weitere-Hochhaeuser-in-Steilshoop,steilshoop210.html\" target=\"_blank\" rel=\"noreferrer noopener\">zum Artikel<\/a><\/div>\n<\/div>\n\n\n\n<hr class=\"wp-block-separator has-text-color has-foreground-color has-alpha-channel-opacity has-foreground-background-color has-background is-style-wide\"\/>\n\n\n\n<p>Mopo:<strong> <\/strong>Neue Hochh\u00e4user f\u00fcr Steilshoop \u2013 um Besserverdiener anzulocken?<\/p>\n\n\n\n<div class=\"wp-block-buttons is-layout-flex wp-block-buttons-is-layout-flex\">\n<div class=\"wp-block-button is-style-fill\"><a class=\"wp-block-button__link\" href=\"https:\/\/www.mopo.de\/hamburg\/neue-hochhaeuser-fuer-steilshoop-um-besserverdiener-anzulocken\/\">zum Artikel<\/a><\/div>\n<\/div>\n\n\n\n<hr class=\"wp-block-separator has-text-color has-foreground-color has-alpha-channel-opacity has-foreground-background-color has-background is-style-wide\"\/>\n\n\n\n<p>Hamburger Abendblatt: Hochh\u00e4user im Stil der 60er? Massiver Protest in Steilshoop<\/p>\n\n\n\n<div class=\"wp-block-buttons is-layout-flex wp-block-buttons-is-layout-flex\">\n<div class=\"wp-block-button is-style-fill\"><a class=\"wp-block-button__link\" href=\"https:\/\/www.abendblatt.de\/hamburg\/article233755627\/hamburg-wohnungsbau-neu-steilshoop-hochhaus-protest.html\" target=\"_blank\" rel=\"noreferrer noopener\">zum Artikel<\/a><\/div>\n<\/div>\n\n\n\n<hr class=\"wp-block-separator has-text-color has-foreground-color has-alpha-channel-opacity has-foreground-background-color has-background is-style-wide\"\/>\n\n\n\n<p>Die Welt: Steilshoop braucht nicht noch mehr hohe H\u00e4user<\/p>\n\n\n\n<div class=\"wp-block-buttons is-layout-flex wp-block-buttons-is-layout-flex\">\n<div class=\"wp-block-button is-style-fill\"><a class=\"wp-block-button__link\" href=\"https:\/\/www.welt.de\/regionales\/hamburg\/article234844624\/Anwohner-Protest-Steilshoop-braucht-nicht-noch-mehr-hohe-Haeuser.html\" target=\"_blank\" rel=\"noreferrer noopener\">zum Artikel<\/a><\/div>\n<\/div>\n\n\n\n<hr class=\"wp-block-separator has-text-color has-foreground-color has-alpha-channel-opacity has-foreground-background-color has-background is-style-wide\"\/>\n\n\n\n<p>5.11.21<\/p>\n\n\n\n<p>Taz: Zu viel und am falschen Ort<\/p>\n\n\n\n<div class=\"wp-block-buttons is-layout-flex wp-block-buttons-is-layout-flex\">\n<div class=\"wp-block-button is-style-fill\"><a class=\"wp-block-button__link\" href=\"https:\/\/taz.de\/Bauprojekt-Streit-in-Hamburg-Steilshoop\/!5812258\/\" target=\"_blank\" rel=\"noreferrer noopener\">zum Artikel<\/a><\/div>\n<\/div>\n\n\n\n<hr class=\"wp-block-separator has-text-color has-foreground-color has-alpha-channel-opacity has-foreground-background-color has-background is-style-wide\"\/>\n\n\n\n<p>mopo: So wehrt sich Steilshoop<\/p>\n\n\n\n<div class=\"wp-block-buttons is-layout-flex wp-block-buttons-is-layout-flex\">\n<div class=\"wp-block-button is-style-fill\"><a class=\"wp-block-button__link\" href=\"https:\/\/www.pressreader.com\/germany\/hamburger-morgenpost\/20211105\/282067690162489\" target=\"_blank\" rel=\"noreferrer noopener\">zum Artikel<\/a><\/div>\n<\/div>\n\n\n\n<hr class=\"wp-block-separator has-text-color has-foreground-color has-alpha-channel-opacity has-foreground-background-color has-background is-style-wide\"\/>\n\n\n\n<p>9.11.21<\/p>\n\n\n\n<p>Hamburger Abendblatt: Neue Hochh\u00e4user? Rot-Gr\u00fcn reagiert auf Steilshooper Protest<\/p>\n\n\n\n<div class=\"wp-block-buttons is-layout-flex wp-block-buttons-is-layout-flex\">\n<div class=\"wp-block-button is-style-fill\"><a class=\"wp-block-button__link\" href=\"https:\/\/www.abendblatt.de\/hamburg\/article233792749\/hochhaeuser-steilshoop-wohnungen-hamburg-protest-rot-gruen-buergerinitiative.html\" target=\"_blank\" rel=\"noreferrer noopener\">zum Artikel<\/a><\/div>\n<\/div>\n\n\n\n<hr class=\"wp-block-separator has-text-color has-foreground-color has-alpha-channel-opacity has-foreground-background-color has-background is-style-wide\"\/>\n\n\n\n<p>10.11.21<\/p>\n\n\n\n<p>Mopo: Vorwurf: Hamburg ignoriert eigene Klimaziele bei Mega-Bauprojekt<\/p>\n\n\n\n<div class=\"wp-block-buttons is-layout-flex wp-block-buttons-is-layout-flex\">\n<div class=\"wp-block-button is-style-fill\"><a class=\"wp-block-button__link\" href=\"https:\/\/www.mopo.de\/hamburg\/cdu-kritik-hamburg-ignoriert-klimaziele-bei-neuem-bauprojekt\/\" target=\"_blank\" rel=\"noreferrer noopener\">zum Artikel<\/a><\/div>\n<\/div>\n\n\n\n<hr class=\"wp-block-separator has-text-color has-foreground-color has-alpha-channel-opacity has-foreground-background-color has-background is-style-wide\"\/>\n\n\n\n<p>21.11.21<\/p>\n\n\n\n<p>FAZ: Der Bund ist im Wohnungsbau ein St\u00fcck weit kastriert<\/p>\n\n\n\n<div class=\"wp-block-buttons is-layout-flex wp-block-buttons-is-layout-flex\">\n<div class=\"wp-block-button is-style-fill\"><a class=\"wp-block-button__link\" href=\"https:\/\/www.faz.net\/aktuell\/wirtschaft\/scholz-will-wohnungsbau-buendnis-aus-hamburg-auf-den-bund-uebertragen-17645276.html\" target=\"_blank\" rel=\"noreferrer noopener\">zum Artikel<\/a><\/div>\n<\/div>\n\n\n\n<hr class=\"wp-block-separator has-text-color has-foreground-color has-alpha-channel-opacity has-foreground-background-color has-background is-style-wide\"\/>\n\n\n\n<p>23.11.21<\/p>\n\n\n\n<p>Moin.de: Hamburg: Hier ist die Not gro\u00df \u2013 und die Stadt macht alles noch schlimmer<\/p>\n\n\n\n<div class=\"wp-block-buttons is-layout-flex wp-block-buttons-is-layout-flex\">\n<div class=\"wp-block-button is-style-fill\"><a class=\"wp-block-button__link\" href=\"https:\/\/www.moin.de\/hamburg\/hamburg-steilshoop-saga-nicht-mehr-vom-gleichen-wohnbloecke-bezirksversammlung-wandsbek-senat-u5-infrastruktur-id234165243.html\" target=\"_blank\" rel=\"noreferrer noopener\">zum Artikel<\/a><\/div>\n<\/div>\n\n\n\n<hr class=\"wp-block-separator has-text-color has-foreground-color has-alpha-channel-opacity has-foreground-background-color has-background is-style-wide\"\/>\n\n\n\n<p>Artikel und Sendungen zu Steilshoop allgemein<\/p>\n\n\n\n<p>31.12.21<\/p>\n\n\n\n<p>Mopo: Steilshoop, das Ghetto-Viertel? Diese junge Frau will mit Vorurteilen aufr\u00e4umen<\/p>\n\n\n\n<div class=\"wp-block-buttons is-layout-flex wp-block-buttons-is-layout-flex\">\n<div class=\"wp-block-button is-style-fill\"><a class=\"wp-block-button__link\" href=\"https:\/\/www.mopo.de\/hamburg\/steilshoop-das-ghetto-viertel-diese-junge-frau-will-mit-vorurteilen-aufraeumen\/?reduced=true\" target=\"_blank\" rel=\"noreferrer noopener\">zum Artikel<\/a><\/div>\n<\/div>\n\n\n\n<hr class=\"wp-block-separator has-text-color has-foreground-color has-alpha-channel-opacity has-foreground-background-color has-background is-style-wide\"\/>\n\n\n\n<p>3.1.22<\/p>\n\n\n\n<p>Wochenblatt: 20.000 Einwohner \u2013 nur ein Kinderarzt<\/p>\n\n\n\n<div class=\"wp-block-buttons is-layout-flex wp-block-buttons-is-layout-flex\">\n<div class=\"wp-block-button is-style-fill\"><a class=\"wp-block-button__link\" href=\"https:\/\/hamburgerwochenblatt.de\/ausgabe-bramfeld\/steilshoop\/20-000-einwohner-nur-ein-kinderarzt\/\" target=\"_blank\" rel=\"noreferrer noopener\">zum Artikel<\/a><\/div>\n<\/div>\n\n\n\n<hr class=\"wp-block-separator has-text-color has-foreground-color has-alpha-channel-opacity has-foreground-background-color has-background is-style-wide\"\/>\n\n\n\n<p>mopo: Acht \u00c4rzte f\u00fcr 20.000 Menschen \u2013 hier herrscht Notstand!<\/p>\n\n\n\n<div class=\"wp-block-buttons is-layout-flex wp-block-buttons-is-layout-flex\">\n<div class=\"wp-block-button is-style-fill\"><a class=\"wp-block-button__link\" href=\"https:\/\/www.mopo.de\/hamburg\/acht-aerzte-fuer-20-000-menschen-hier-herrscht-notstand\/?reduced=true\" target=\"_blank\" rel=\"noreferrer noopener\">zum Artikel<\/a><\/div>\n<\/div>\n<\/div>\n","protected":false},"excerpt":{"rendered":"<p>Aus der Presse Artikel und Sendungen zu den Bebauungspl\u00e4nen Steilshoop 11 und 12 und zur Initiative &#8222;Steilshoop &#8211; nicht mehr vom Gleichen&#8220; 3.11.21 Mopo: Stopft uns nicht mit Wohnungen voll! 4.11.21 Hamburg 1: Steilshoop bekommt weitere Wohnungen: Kritik der Anwohner h\u00e4lt an NDR: Protest gegen weitere Hochh\u00e4user in Steilshoop Mopo: Neue Hochh\u00e4user f\u00fcr Steilshoop \u2013 [&hellip;]<\/p>\n","protected":false},"author":1,"featured_media":0,"parent":0,"menu_order":0,"comment_status":"closed","ping_status":"closed","template":"page-large-header","meta":{"footnotes":""},"class_list":["post-317","page","type-page","status-publish","hentry"],"_links":{"self":[{"href":"https:\/\/steilshoop-nicht-mehr-vom-gleichen.de\/index.php\/wp-json\/wp\/v2\/pages\/317","targetHints":{"allow":["GET"]}}],"collection":[{"href":"https:\/\/steilshoop-nicht-mehr-vom-gleichen.de\/index.php\/wp-json\/wp\/v2\/pages"}],"about":[{"href":"https:\/\/steilshoop-nicht-mehr-vom-gleichen.de\/index.php\/wp-json\/wp\/v2\/types\/page"}],"author":[{"embeddable":true,"href":"https:\/\/steilshoop-nicht-mehr-vom-gleichen.de\/index.php\/wp-json\/wp\/v2\/users\/1"}],"replies":[{"embeddable":true,"href":"https:\/\/steilshoop-nicht-mehr-vom-gleichen.de\/index.php\/wp-json\/wp\/v2\/comments?post=317"}],"version-history":[{"count":36,"href":"https:\/\/steilshoop-nicht-mehr-vom-gleichen.de\/index.php\/wp-json\/wp\/v2\/pages\/317\/revisions"}],"predecessor-version":[{"id":554,"href":"https:\/\/steilshoop-nicht-mehr-vom-gleichen.de\/index.php\/wp-json\/wp\/v2\/pages\/317\/revisions\/554"}],"wp:attachment":[{"href":"https:\/\/steilshoop-nicht-mehr-vom-gleichen.de\/index.php\/wp-json\/wp\/v2\/media?parent=317"}],"curies":[{"name":"wp","href":"https:\/\/api.w.org\/{rel}","templated":true}]}}